{"id":298,"date":"2025-11-13T21:05:34","date_gmt":"2025-11-13T21:05:34","guid":{"rendered":"https:\/\/aerolux.rs\/private-jets-rent-easy\/"},"modified":"2026-02-04T14:50:39","modified_gmt":"2026-02-04T14:50:39","slug":"iznajmite-privatni-avion","status":"publish","type":"page","link":"https:\/\/aerolux.rs\/sr\/","title":{"rendered":"AeroLux &#8211; iznajmite privatni avion"},"content":{"rendered":"\n<p>Iskusite ekskluzivnost <strong>AeroLux<\/strong> letelica poslednje generacije. Iznajmite privatni Cessna Citation avion za 8 putnika i letite uz slobodu i komfor.<\/p>\n","protected":false},"excerpt":{"rendered":"<p>Iskusite ekskluzivnost AeroLux letelica poslednje generacije. Iznajmite privatni Cessna Citation avion za 8 putnika i letite uz slobodu i komfor.<\/p>\n","protected":false},"author":1,"featured_media":263,"parent":0,"menu_order":0,"comment_status":"closed","ping_status":"closed","template":"","meta":{"_acf_changed":false,"footnotes":""},"class_list":["post-298","page","type-page","status-publish","has-post-thumbnail","hentry"],"acf":[],"yoast_head":"<!-- This site is optimized with the Yoast SEO plugin v27.3 - https:\/\/yoast.com\/product\/yoast-seo-wordpress\/ -->\n<title>Privatni avion | Iznajmljivanje privatnog aviona | AeroLux<\/title>\n<meta name=\"description\" content=\"Privatni avion AeroLux - Putujte gde \u017eelite onda kada vi \u017eelite. Premium iskustvo letenja avionom i iskusna posada koja ceni va\u0161e vreme i privatnost.\" \/>\n<meta name=\"robots\" content=\"index, follow, max-snippet:-1, max-image-preview:large, max-video-preview:-1\" \/>\n<link rel=\"canonical\" href=\"https:\/\/aerolux.rs\/sr\/\" \/>\n<meta property=\"og:locale\" content=\"sr_RS\" \/>\n<meta property=\"og:type\" content=\"article\" \/>\n<meta property=\"og:title\" content=\"Privatni avion | Iznajmljivanje privatnog aviona | AeroLux\" \/>\n<meta property=\"og:description\" content=\"Privatni avion AeroLux - Putujte gde \u017eelite onda kada vi \u017eelite. Premium iskustvo letenja avionom i iskusna posada koja ceni va\u0161e vreme i privatnost.\" \/>\n<meta property=\"og:url\" content=\"https:\/\/aerolux.rs\/sr\/\" \/>\n<meta property=\"og:site_name\" content=\"AeroLux\" \/>\n<meta property=\"article:modified_time\" content=\"2026-02-04T14:50:39+00:00\" \/>\n<meta property=\"og:image\" content=\"https:\/\/aerolux.rs\/wp-content\/uploads\/2025\/11\/aero-lux-hero-avion.png\" \/>\n\t<meta property=\"og:image:width\" content=\"1920\" \/>\n\t<meta property=\"og:image:height\" content=\"1080\" \/>\n\t<meta property=\"og:image:type\" content=\"image\/png\" \/>\n<meta name=\"twitter:card\" content=\"summary_large_image\" \/>\n<meta name=\"twitter:label1\" content=\"Procenjeno vreme \u010ditanja\" \/>\n\t<meta name=\"twitter:data1\" content=\"1 minut\" \/>\n<script type=\"application\/ld+json\" class=\"yoast-schema-graph\">{\"@context\":\"https:\\\/\\\/schema.org\",\"@graph\":[{\"@type\":\"WebPage\",\"@id\":\"https:\\\/\\\/aerolux.rs\\\/sr\\\/\",\"url\":\"https:\\\/\\\/aerolux.rs\\\/sr\\\/\",\"name\":\"Privatni avion | Iznajmljivanje privatnog aviona | AeroLux\",\"isPartOf\":{\"@id\":\"https:\\\/\\\/aerolux.rs\\\/sr\\\/#website\"},\"primaryImageOfPage\":{\"@id\":\"https:\\\/\\\/aerolux.rs\\\/sr\\\/#primaryimage\"},\"image\":{\"@id\":\"https:\\\/\\\/aerolux.rs\\\/sr\\\/#primaryimage\"},\"thumbnailUrl\":\"https:\\\/\\\/aerolux.rs\\\/wp-content\\\/uploads\\\/2025\\\/11\\\/aero-lux-hero-avion.png\",\"datePublished\":\"2025-11-13T21:05:34+00:00\",\"dateModified\":\"2026-02-04T14:50:39+00:00\",\"description\":\"Privatni avion AeroLux - Putujte gde \u017eelite onda kada vi \u017eelite. Premium iskustvo letenja avionom i iskusna posada koja ceni va\u0161e vreme i privatnost.\",\"breadcrumb\":{\"@id\":\"https:\\\/\\\/aerolux.rs\\\/sr\\\/#breadcrumb\"},\"inLanguage\":\"sr-RS\",\"potentialAction\":[{\"@type\":\"ReadAction\",\"target\":[\"https:\\\/\\\/aerolux.rs\\\/sr\\\/\"]}]},{\"@type\":\"ImageObject\",\"inLanguage\":\"sr-RS\",\"@id\":\"https:\\\/\\\/aerolux.rs\\\/sr\\\/#primaryimage\",\"url\":\"https:\\\/\\\/aerolux.rs\\\/wp-content\\\/uploads\\\/2025\\\/11\\\/aero-lux-hero-avion.png\",\"contentUrl\":\"https:\\\/\\\/aerolux.rs\\\/wp-content\\\/uploads\\\/2025\\\/11\\\/aero-lux-hero-avion.png\",\"width\":1920,\"height\":1080},{\"@type\":\"BreadcrumbList\",\"@id\":\"https:\\\/\\\/aerolux.rs\\\/sr\\\/#breadcrumb\",\"itemListElement\":[{\"@type\":\"ListItem\",\"position\":1,\"name\":\"Home\",\"item\":\"https:\\\/\\\/aerolux.rs\\\/sr\\\/\"},{\"@type\":\"ListItem\",\"position\":2,\"name\":\"AeroLux &#8211; iznajmite privatni avion\"}]},{\"@type\":\"WebSite\",\"@id\":\"https:\\\/\\\/aerolux.rs\\\/sr\\\/#website\",\"url\":\"https:\\\/\\\/aerolux.rs\\\/sr\\\/\",\"name\":\"AeroLux Private Jets\",\"description\":\"\",\"publisher\":{\"@id\":\"https:\\\/\\\/aerolux.rs\\\/sr\\\/#organization\"},\"potentialAction\":[{\"@type\":\"SearchAction\",\"target\":{\"@type\":\"EntryPoint\",\"urlTemplate\":\"https:\\\/\\\/aerolux.rs\\\/sr\\\/?s={search_term_string}\"},\"query-input\":{\"@type\":\"PropertyValueSpecification\",\"valueRequired\":true,\"valueName\":\"search_term_string\"}}],\"inLanguage\":\"sr-RS\"},{\"@type\":\"Organization\",\"@id\":\"https:\\\/\\\/aerolux.rs\\\/sr\\\/#organization\",\"name\":\"AeroLux Private Jets\",\"url\":\"https:\\\/\\\/aerolux.rs\\\/sr\\\/\",\"logo\":{\"@type\":\"ImageObject\",\"inLanguage\":\"sr-RS\",\"@id\":\"https:\\\/\\\/aerolux.rs\\\/sr\\\/#\\\/schema\\\/logo\\\/image\\\/\",\"url\":\"https:\\\/\\\/aerolux.rs\\\/wp-content\\\/uploads\\\/2026\\\/01\\\/cropped-favicon-aerolux.png\",\"contentUrl\":\"https:\\\/\\\/aerolux.rs\\\/wp-content\\\/uploads\\\/2026\\\/01\\\/cropped-favicon-aerolux.png\",\"width\":512,\"height\":512,\"caption\":\"AeroLux Private Jets\"},\"image\":{\"@id\":\"https:\\\/\\\/aerolux.rs\\\/sr\\\/#\\\/schema\\\/logo\\\/image\\\/\"}}]}<\/script>\n<!-- \/ Yoast SEO plugin. -->","yoast_head_json":{"title":"Privatni avion | Iznajmljivanje privatnog aviona | AeroLux","description":"Privatni avion AeroLux - Putujte gde \u017eelite onda kada vi \u017eelite. Premium iskustvo letenja avionom i iskusna posada koja ceni va\u0161e vreme i privatnost.","robots":{"index":"index","follow":"follow","max-snippet":"max-snippet:-1","max-image-preview":"max-image-preview:large","max-video-preview":"max-video-preview:-1"},"canonical":"https:\/\/aerolux.rs\/sr\/","og_locale":"sr_RS","og_type":"article","og_title":"Privatni avion | Iznajmljivanje privatnog aviona | AeroLux","og_description":"Privatni avion AeroLux - Putujte gde \u017eelite onda kada vi \u017eelite. Premium iskustvo letenja avionom i iskusna posada koja ceni va\u0161e vreme i privatnost.","og_url":"https:\/\/aerolux.rs\/sr\/","og_site_name":"AeroLux","article_modified_time":"2026-02-04T14:50:39+00:00","og_image":[{"width":1920,"height":1080,"url":"https:\/\/aerolux.rs\/wp-content\/uploads\/2025\/11\/aero-lux-hero-avion.png","type":"image\/png"}],"twitter_card":"summary_large_image","twitter_misc":{"Procenjeno vreme \u010ditanja":"1 minut"},"schema":{"@context":"https:\/\/schema.org","@graph":[{"@type":"WebPage","@id":"https:\/\/aerolux.rs\/sr\/","url":"https:\/\/aerolux.rs\/sr\/","name":"Privatni avion | Iznajmljivanje privatnog aviona | AeroLux","isPartOf":{"@id":"https:\/\/aerolux.rs\/sr\/#website"},"primaryImageOfPage":{"@id":"https:\/\/aerolux.rs\/sr\/#primaryimage"},"image":{"@id":"https:\/\/aerolux.rs\/sr\/#primaryimage"},"thumbnailUrl":"https:\/\/aerolux.rs\/wp-content\/uploads\/2025\/11\/aero-lux-hero-avion.png","datePublished":"2025-11-13T21:05:34+00:00","dateModified":"2026-02-04T14:50:39+00:00","description":"Privatni avion AeroLux - Putujte gde \u017eelite onda kada vi \u017eelite. Premium iskustvo letenja avionom i iskusna posada koja ceni va\u0161e vreme i privatnost.","breadcrumb":{"@id":"https:\/\/aerolux.rs\/sr\/#breadcrumb"},"inLanguage":"sr-RS","potentialAction":[{"@type":"ReadAction","target":["https:\/\/aerolux.rs\/sr\/"]}]},{"@type":"ImageObject","inLanguage":"sr-RS","@id":"https:\/\/aerolux.rs\/sr\/#primaryimage","url":"https:\/\/aerolux.rs\/wp-content\/uploads\/2025\/11\/aero-lux-hero-avion.png","contentUrl":"https:\/\/aerolux.rs\/wp-content\/uploads\/2025\/11\/aero-lux-hero-avion.png","width":1920,"height":1080},{"@type":"BreadcrumbList","@id":"https:\/\/aerolux.rs\/sr\/#breadcrumb","itemListElement":[{"@type":"ListItem","position":1,"name":"Home","item":"https:\/\/aerolux.rs\/sr\/"},{"@type":"ListItem","position":2,"name":"AeroLux &#8211; iznajmite privatni avion"}]},{"@type":"WebSite","@id":"https:\/\/aerolux.rs\/sr\/#website","url":"https:\/\/aerolux.rs\/sr\/","name":"AeroLux Private Jets","description":"","publisher":{"@id":"https:\/\/aerolux.rs\/sr\/#organization"},"potentialAction":[{"@type":"SearchAction","target":{"@type":"EntryPoint","urlTemplate":"https:\/\/aerolux.rs\/sr\/?s={search_term_string}"},"query-input":{"@type":"PropertyValueSpecification","valueRequired":true,"valueName":"search_term_string"}}],"inLanguage":"sr-RS"},{"@type":"Organization","@id":"https:\/\/aerolux.rs\/sr\/#organization","name":"AeroLux Private Jets","url":"https:\/\/aerolux.rs\/sr\/","logo":{"@type":"ImageObject","inLanguage":"sr-RS","@id":"https:\/\/aerolux.rs\/sr\/#\/schema\/logo\/image\/","url":"https:\/\/aerolux.rs\/wp-content\/uploads\/2026\/01\/cropped-favicon-aerolux.png","contentUrl":"https:\/\/aerolux.rs\/wp-content\/uploads\/2026\/01\/cropped-favicon-aerolux.png","width":512,"height":512,"caption":"AeroLux Private Jets"},"image":{"@id":"https:\/\/aerolux.rs\/sr\/#\/schema\/logo\/image\/"}}]}},"_links":{"self":[{"href":"https:\/\/aerolux.rs\/sr\/wp-json\/wp\/v2\/pages\/298","targetHints":{"allow":["GET"]}}],"collection":[{"href":"https:\/\/aerolux.rs\/sr\/wp-json\/wp\/v2\/pages"}],"about":[{"href":"https:\/\/aerolux.rs\/sr\/wp-json\/wp\/v2\/types\/page"}],"author":[{"embeddable":true,"href":"https:\/\/aerolux.rs\/sr\/wp-json\/wp\/v2\/users\/1"}],"replies":[{"embeddable":true,"href":"https:\/\/aerolux.rs\/sr\/wp-json\/wp\/v2\/comments?post=298"}],"version-history":[{"count":11,"href":"https:\/\/aerolux.rs\/sr\/wp-json\/wp\/v2\/pages\/298\/revisions"}],"predecessor-version":[{"id":589,"href":"https:\/\/aerolux.rs\/sr\/wp-json\/wp\/v2\/pages\/298\/revisions\/589"}],"wp:featuredmedia":[{"embeddable":true,"href":"https:\/\/aerolux.rs\/sr\/wp-json\/wp\/v2\/media\/263"}],"wp:attachment":[{"href":"https:\/\/aerolux.rs\/sr\/wp-json\/wp\/v2\/media?parent=298"}],"curies":[{"name":"wp","href":"https:\/\/api.w.org\/{rel}","templated":true}]}}