{"id":291,"date":"2025-11-13T21:50:23","date_gmt":"2025-11-13T21:50:23","guid":{"rendered":"https:\/\/aerolux.rs\/experience\/"},"modified":"2025-12-18T11:26:20","modified_gmt":"2025-12-18T11:26:20","slug":"iskustvo","status":"publish","type":"page","link":"https:\/\/aerolux.rs\/sr\/iskustvo\/","title":{"rendered":"Jedinstveno iskustvo letenja"},"content":{"rendered":"","protected":false},"excerpt":{"rendered":"","protected":false},"author":1,"featured_media":432,"parent":0,"menu_order":0,"comment_status":"closed","ping_status":"closed","template":"page-experience.php","meta":{"_acf_changed":false,"footnotes":""},"class_list":["post-291","page","type-page","status-publish","has-post-thumbnail","hentry"],"acf":[],"yoast_head":"<!-- This site is optimized with the Yoast SEO plugin v27.3 - https:\/\/yoast.com\/product\/yoast-seo-wordpress\/ -->\n<title>Jedinstveno iskustvo letenja | AeroLux<\/title>\n<meta name=\"description\" content=\"Otkrijte premium karakteristike AeroLux kabina: fantasti\u010dno opremljen bar, stru\u010dni piloti, pet friendly letovi i opcija va\u0161eg keteringa ili na\u0161e hrane.\" \/>\n<meta name=\"robots\" content=\"index, follow, max-snippet:-1, max-image-preview:large, max-video-preview:-1\" \/>\n<link rel=\"canonical\" href=\"https:\/\/aerolux.rs\/sr\/iskustvo\/\" \/>\n<meta property=\"og:locale\" content=\"sr_RS\" \/>\n<meta property=\"og:type\" content=\"article\" \/>\n<meta property=\"og:title\" content=\"Jedinstveno iskustvo letenja | AeroLux\" \/>\n<meta property=\"og:description\" content=\"Otkrijte premium karakteristike AeroLux kabina: fantasti\u010dno opremljen bar, stru\u010dni piloti, pet friendly letovi i opcija va\u0161eg keteringa ili na\u0161e hrane.\" \/>\n<meta property=\"og:url\" content=\"https:\/\/aerolux.rs\/sr\/iskustvo\/\" \/>\n<meta property=\"og:site_name\" content=\"AeroLux\" \/>\n<meta property=\"article:modified_time\" content=\"2025-12-18T11:26:20+00:00\" \/>\n<meta property=\"og:image\" content=\"https:\/\/aerolux.rs\/wp-content\/uploads\/2025\/12\/private-jet-experience.jpg\" \/>\n\t<meta property=\"og:image:width\" content=\"1920\" \/>\n\t<meta property=\"og:image:height\" content=\"600\" \/>\n\t<meta property=\"og:image:type\" content=\"image\/jpeg\" \/>\n<meta name=\"twitter:card\" content=\"summary_large_image\" \/>\n<meta name=\"twitter:label1\" content=\"Procenjeno vreme \u010ditanja\" \/>\n\t<meta name=\"twitter:data1\" content=\"1 minut\" \/>\n<script type=\"application\/ld+json\" class=\"yoast-schema-graph\">{\"@context\":\"https:\\\/\\\/schema.org\",\"@graph\":[{\"@type\":\"WebPage\",\"@id\":\"https:\\\/\\\/aerolux.rs\\\/sr\\\/iskustvo\\\/\",\"url\":\"https:\\\/\\\/aerolux.rs\\\/sr\\\/iskustvo\\\/\",\"name\":\"Jedinstveno iskustvo letenja | AeroLux\",\"isPartOf\":{\"@id\":\"https:\\\/\\\/aerolux.rs\\\/sr\\\/#website\"},\"primaryImageOfPage\":{\"@id\":\"https:\\\/\\\/aerolux.rs\\\/sr\\\/iskustvo\\\/#primaryimage\"},\"image\":{\"@id\":\"https:\\\/\\\/aerolux.rs\\\/sr\\\/iskustvo\\\/#primaryimage\"},\"thumbnailUrl\":\"https:\\\/\\\/aerolux.rs\\\/wp-content\\\/uploads\\\/2025\\\/12\\\/private-jet-experience.jpg\",\"datePublished\":\"2025-11-13T21:50:23+00:00\",\"dateModified\":\"2025-12-18T11:26:20+00:00\",\"description\":\"Otkrijte premium karakteristike AeroLux kabina: fantasti\u010dno opremljen bar, stru\u010dni piloti, pet friendly letovi i opcija va\u0161eg keteringa ili na\u0161e hrane.\",\"breadcrumb\":{\"@id\":\"https:\\\/\\\/aerolux.rs\\\/sr\\\/iskustvo\\\/#breadcrumb\"},\"inLanguage\":\"sr-RS\",\"potentialAction\":[{\"@type\":\"ReadAction\",\"target\":[\"https:\\\/\\\/aerolux.rs\\\/sr\\\/iskustvo\\\/\"]}]},{\"@type\":\"ImageObject\",\"inLanguage\":\"sr-RS\",\"@id\":\"https:\\\/\\\/aerolux.rs\\\/sr\\\/iskustvo\\\/#primaryimage\",\"url\":\"https:\\\/\\\/aerolux.rs\\\/wp-content\\\/uploads\\\/2025\\\/12\\\/private-jet-experience.jpg\",\"contentUrl\":\"https:\\\/\\\/aerolux.rs\\\/wp-content\\\/uploads\\\/2025\\\/12\\\/private-jet-experience.jpg\",\"width\":1920,\"height\":600},{\"@type\":\"BreadcrumbList\",\"@id\":\"https:\\\/\\\/aerolux.rs\\\/sr\\\/iskustvo\\\/#breadcrumb\",\"itemListElement\":[{\"@type\":\"ListItem\",\"position\":1,\"name\":\"Home\",\"item\":\"https:\\\/\\\/aerolux.rs\\\/sr\\\/\"},{\"@type\":\"ListItem\",\"position\":2,\"name\":\"Jedinstveno iskustvo letenja\"}]},{\"@type\":\"WebSite\",\"@id\":\"https:\\\/\\\/aerolux.rs\\\/sr\\\/#website\",\"url\":\"https:\\\/\\\/aerolux.rs\\\/sr\\\/\",\"name\":\"AeroLux Private Jets\",\"description\":\"\",\"publisher\":{\"@id\":\"https:\\\/\\\/aerolux.rs\\\/sr\\\/#organization\"},\"potentialAction\":[{\"@type\":\"SearchAction\",\"target\":{\"@type\":\"EntryPoint\",\"urlTemplate\":\"https:\\\/\\\/aerolux.rs\\\/sr\\\/?s={search_term_string}\"},\"query-input\":{\"@type\":\"PropertyValueSpecification\",\"valueRequired\":true,\"valueName\":\"search_term_string\"}}],\"inLanguage\":\"sr-RS\"},{\"@type\":\"Organization\",\"@id\":\"https:\\\/\\\/aerolux.rs\\\/sr\\\/#organization\",\"name\":\"AeroLux Private Jets\",\"url\":\"https:\\\/\\\/aerolux.rs\\\/sr\\\/\",\"logo\":{\"@type\":\"ImageObject\",\"inLanguage\":\"sr-RS\",\"@id\":\"https:\\\/\\\/aerolux.rs\\\/sr\\\/#\\\/schema\\\/logo\\\/image\\\/\",\"url\":\"https:\\\/\\\/aerolux.rs\\\/wp-content\\\/uploads\\\/2026\\\/01\\\/cropped-favicon-aerolux.png\",\"contentUrl\":\"https:\\\/\\\/aerolux.rs\\\/wp-content\\\/uploads\\\/2026\\\/01\\\/cropped-favicon-aerolux.png\",\"width\":512,\"height\":512,\"caption\":\"AeroLux Private Jets\"},\"image\":{\"@id\":\"https:\\\/\\\/aerolux.rs\\\/sr\\\/#\\\/schema\\\/logo\\\/image\\\/\"}}]}<\/script>\n<!-- \/ Yoast SEO plugin. -->","yoast_head_json":{"title":"Jedinstveno iskustvo letenja | AeroLux","description":"Otkrijte premium karakteristike AeroLux kabina: fantasti\u010dno opremljen bar, stru\u010dni piloti, pet friendly letovi i opcija va\u0161eg keteringa ili na\u0161e hrane.","robots":{"index":"index","follow":"follow","max-snippet":"max-snippet:-1","max-image-preview":"max-image-preview:large","max-video-preview":"max-video-preview:-1"},"canonical":"https:\/\/aerolux.rs\/sr\/iskustvo\/","og_locale":"sr_RS","og_type":"article","og_title":"Jedinstveno iskustvo letenja | AeroLux","og_description":"Otkrijte premium karakteristike AeroLux kabina: fantasti\u010dno opremljen bar, stru\u010dni piloti, pet friendly letovi i opcija va\u0161eg keteringa ili na\u0161e hrane.","og_url":"https:\/\/aerolux.rs\/sr\/iskustvo\/","og_site_name":"AeroLux","article_modified_time":"2025-12-18T11:26:20+00:00","og_image":[{"width":1920,"height":600,"url":"https:\/\/aerolux.rs\/wp-content\/uploads\/2025\/12\/private-jet-experience.jpg","type":"image\/jpeg"}],"twitter_card":"summary_large_image","twitter_misc":{"Procenjeno vreme \u010ditanja":"1 minut"},"schema":{"@context":"https:\/\/schema.org","@graph":[{"@type":"WebPage","@id":"https:\/\/aerolux.rs\/sr\/iskustvo\/","url":"https:\/\/aerolux.rs\/sr\/iskustvo\/","name":"Jedinstveno iskustvo letenja | AeroLux","isPartOf":{"@id":"https:\/\/aerolux.rs\/sr\/#website"},"primaryImageOfPage":{"@id":"https:\/\/aerolux.rs\/sr\/iskustvo\/#primaryimage"},"image":{"@id":"https:\/\/aerolux.rs\/sr\/iskustvo\/#primaryimage"},"thumbnailUrl":"https:\/\/aerolux.rs\/wp-content\/uploads\/2025\/12\/private-jet-experience.jpg","datePublished":"2025-11-13T21:50:23+00:00","dateModified":"2025-12-18T11:26:20+00:00","description":"Otkrijte premium karakteristike AeroLux kabina: fantasti\u010dno opremljen bar, stru\u010dni piloti, pet friendly letovi i opcija va\u0161eg keteringa ili na\u0161e hrane.","breadcrumb":{"@id":"https:\/\/aerolux.rs\/sr\/iskustvo\/#breadcrumb"},"inLanguage":"sr-RS","potentialAction":[{"@type":"ReadAction","target":["https:\/\/aerolux.rs\/sr\/iskustvo\/"]}]},{"@type":"ImageObject","inLanguage":"sr-RS","@id":"https:\/\/aerolux.rs\/sr\/iskustvo\/#primaryimage","url":"https:\/\/aerolux.rs\/wp-content\/uploads\/2025\/12\/private-jet-experience.jpg","contentUrl":"https:\/\/aerolux.rs\/wp-content\/uploads\/2025\/12\/private-jet-experience.jpg","width":1920,"height":600},{"@type":"BreadcrumbList","@id":"https:\/\/aerolux.rs\/sr\/iskustvo\/#breadcrumb","itemListElement":[{"@type":"ListItem","position":1,"name":"Home","item":"https:\/\/aerolux.rs\/sr\/"},{"@type":"ListItem","position":2,"name":"Jedinstveno iskustvo letenja"}]},{"@type":"WebSite","@id":"https:\/\/aerolux.rs\/sr\/#website","url":"https:\/\/aerolux.rs\/sr\/","name":"AeroLux Private Jets","description":"","publisher":{"@id":"https:\/\/aerolux.rs\/sr\/#organization"},"potentialAction":[{"@type":"SearchAction","target":{"@type":"EntryPoint","urlTemplate":"https:\/\/aerolux.rs\/sr\/?s={search_term_string}"},"query-input":{"@type":"PropertyValueSpecification","valueRequired":true,"valueName":"search_term_string"}}],"inLanguage":"sr-RS"},{"@type":"Organization","@id":"https:\/\/aerolux.rs\/sr\/#organization","name":"AeroLux Private Jets","url":"https:\/\/aerolux.rs\/sr\/","logo":{"@type":"ImageObject","inLanguage":"sr-RS","@id":"https:\/\/aerolux.rs\/sr\/#\/schema\/logo\/image\/","url":"https:\/\/aerolux.rs\/wp-content\/uploads\/2026\/01\/cropped-favicon-aerolux.png","contentUrl":"https:\/\/aerolux.rs\/wp-content\/uploads\/2026\/01\/cropped-favicon-aerolux.png","width":512,"height":512,"caption":"AeroLux Private Jets"},"image":{"@id":"https:\/\/aerolux.rs\/sr\/#\/schema\/logo\/image\/"}}]}},"_links":{"self":[{"href":"https:\/\/aerolux.rs\/sr\/wp-json\/wp\/v2\/pages\/291","targetHints":{"allow":["GET"]}}],"collection":[{"href":"https:\/\/aerolux.rs\/sr\/wp-json\/wp\/v2\/pages"}],"about":[{"href":"https:\/\/aerolux.rs\/sr\/wp-json\/wp\/v2\/types\/page"}],"author":[{"embeddable":true,"href":"https:\/\/aerolux.rs\/sr\/wp-json\/wp\/v2\/users\/1"}],"replies":[{"embeddable":true,"href":"https:\/\/aerolux.rs\/sr\/wp-json\/wp\/v2\/comments?post=291"}],"version-history":[{"count":3,"href":"https:\/\/aerolux.rs\/sr\/wp-json\/wp\/v2\/pages\/291\/revisions"}],"predecessor-version":[{"id":472,"href":"https:\/\/aerolux.rs\/sr\/wp-json\/wp\/v2\/pages\/291\/revisions\/472"}],"wp:featuredmedia":[{"embeddable":true,"href":"https:\/\/aerolux.rs\/sr\/wp-json\/wp\/v2\/media\/432"}],"wp:attachment":[{"href":"https:\/\/aerolux.rs\/sr\/wp-json\/wp\/v2\/media?parent=291"}],"curies":[{"name":"wp","href":"https:\/\/api.w.org\/{rel}","templated":true}]}}