{"id":243,"date":"2025-11-13T21:50:32","date_gmt":"2025-11-13T21:50:32","guid":{"rendered":"https:\/\/aerolux.rs\/about-us\/"},"modified":"2025-12-18T11:25:05","modified_gmt":"2025-12-18T11:25:05","slug":"o-nama","status":"publish","type":"page","link":"https:\/\/aerolux.rs\/sr\/o-nama\/","title":{"rendered":"O nama"},"content":{"rendered":"\n<p>U na\u0161oj floti nalaze se dve Cessna Citation letelice nove generacije sa kapacitetom do 9 osoba. Tim AeroLux-a poseduje va\u017ee\u0107e sertifikate i sve potrebne dozvole za bezbedno i organizovano obavljanje letova. Poslujemo iz Beograda, gde smo izgradili reputaciju pouzdanog partnera u privatnoj avijaciji. <strong>Stotine zadovoljnih putnika<\/strong> tu su da posvedo\u010de o kvalitetu i na\u0161em profesionalizmu.<\/p>\n\n\n\n<p>Cilj nam je da vam pru\u017eimo premium iskustvo letenja i postanemo va\u0161i stalni saradnici. Zaboravite na \u010dekanje na terminalu, ka\u0161njenja komercijalnih aviona i termine koji se ne poklapaju sa va\u0161om rutinom i obavezama. U AeroLux <strong>sve je prilago\u0111eno isklju\u010divo vama<\/strong>. Mi se bavimo logistikom i organizujemo poletanje onda kada vama to odgovara, a piloti su na raspolaganju tokom cele godine. Po\u0161aljite nam upit i zaka\u017eite svoj let!<\/p>\n","protected":false},"excerpt":{"rendered":"<p>U na\u0161oj floti nalaze se dve Cessna Citation letelice nove generacije sa kapacitetom do 9 osoba. Tim AeroLux-a poseduje va\u017ee\u0107e sertifikate i sve potrebne dozvole za bezbedno i organizovano obavljanje&#8230;<\/p>\n","protected":false},"author":1,"featured_media":408,"parent":0,"menu_order":0,"comment_status":"closed","ping_status":"closed","template":"page-about.php","meta":{"_acf_changed":false,"footnotes":""},"class_list":["post-243","page","type-page","status-publish","has-post-thumbnail","hentry"],"acf":[],"yoast_head":"<!-- This site is optimized with the Yoast SEO plugin v27.3 - https:\/\/yoast.com\/product\/yoast-seo-wordpress\/ -->\n<title>AeroLux DOO | O nama<\/title>\n<meta name=\"description\" content=\"AeroLux DOO \u2013 privatni avio-prevoznik koji se prilago\u0111ava isklju\u010divo vama. Iskusni piloti, moderna Cessna Citation flota i dostupnost cele godine.\" \/>\n<meta name=\"robots\" content=\"index, follow, max-snippet:-1, max-image-preview:large, max-video-preview:-1\" \/>\n<link rel=\"canonical\" href=\"https:\/\/aerolux.rs\/sr\/o-nama\/\" \/>\n<meta property=\"og:locale\" content=\"sr_RS\" \/>\n<meta property=\"og:type\" content=\"article\" \/>\n<meta property=\"og:title\" content=\"AeroLux DOO | O nama\" \/>\n<meta property=\"og:description\" content=\"AeroLux DOO \u2013 privatni avio-prevoznik koji se prilago\u0111ava isklju\u010divo vama. Iskusni piloti, moderna Cessna Citation flota i dostupnost cele godine.\" \/>\n<meta property=\"og:url\" content=\"https:\/\/aerolux.rs\/sr\/o-nama\/\" \/>\n<meta property=\"og:site_name\" content=\"AeroLux\" \/>\n<meta property=\"article:modified_time\" content=\"2025-12-18T11:25:05+00:00\" \/>\n<meta property=\"og:image\" content=\"https:\/\/aerolux.rs\/wp-content\/uploads\/2025\/12\/aerolux-hero-private-jets.jpg\" \/>\n\t<meta property=\"og:image:width\" content=\"1920\" \/>\n\t<meta property=\"og:image:height\" content=\"600\" \/>\n\t<meta property=\"og:image:type\" content=\"image\/jpeg\" \/>\n<meta name=\"twitter:card\" content=\"summary_large_image\" \/>\n<meta name=\"twitter:label1\" content=\"Procenjeno vreme \u010ditanja\" \/>\n\t<meta name=\"twitter:data1\" content=\"1 minut\" \/>\n<script type=\"application\/ld+json\" class=\"yoast-schema-graph\">{\"@context\":\"https:\\\/\\\/schema.org\",\"@graph\":[{\"@type\":\"WebPage\",\"@id\":\"https:\\\/\\\/aerolux.rs\\\/sr\\\/o-nama\\\/\",\"url\":\"https:\\\/\\\/aerolux.rs\\\/sr\\\/o-nama\\\/\",\"name\":\"AeroLux DOO | O nama\",\"isPartOf\":{\"@id\":\"https:\\\/\\\/aerolux.rs\\\/sr\\\/#website\"},\"primaryImageOfPage\":{\"@id\":\"https:\\\/\\\/aerolux.rs\\\/sr\\\/o-nama\\\/#primaryimage\"},\"image\":{\"@id\":\"https:\\\/\\\/aerolux.rs\\\/sr\\\/o-nama\\\/#primaryimage\"},\"thumbnailUrl\":\"https:\\\/\\\/aerolux.rs\\\/wp-content\\\/uploads\\\/2025\\\/12\\\/aerolux-hero-private-jets.jpg\",\"datePublished\":\"2025-11-13T21:50:32+00:00\",\"dateModified\":\"2025-12-18T11:25:05+00:00\",\"description\":\"AeroLux DOO \u2013 privatni avio-prevoznik koji se prilago\u0111ava isklju\u010divo vama. Iskusni piloti, moderna Cessna Citation flota i dostupnost cele godine.\",\"breadcrumb\":{\"@id\":\"https:\\\/\\\/aerolux.rs\\\/sr\\\/o-nama\\\/#breadcrumb\"},\"inLanguage\":\"sr-RS\",\"potentialAction\":[{\"@type\":\"ReadAction\",\"target\":[\"https:\\\/\\\/aerolux.rs\\\/sr\\\/o-nama\\\/\"]}]},{\"@type\":\"ImageObject\",\"inLanguage\":\"sr-RS\",\"@id\":\"https:\\\/\\\/aerolux.rs\\\/sr\\\/o-nama\\\/#primaryimage\",\"url\":\"https:\\\/\\\/aerolux.rs\\\/wp-content\\\/uploads\\\/2025\\\/12\\\/aerolux-hero-private-jets.jpg\",\"contentUrl\":\"https:\\\/\\\/aerolux.rs\\\/wp-content\\\/uploads\\\/2025\\\/12\\\/aerolux-hero-private-jets.jpg\",\"width\":1920,\"height\":600},{\"@type\":\"BreadcrumbList\",\"@id\":\"https:\\\/\\\/aerolux.rs\\\/sr\\\/o-nama\\\/#breadcrumb\",\"itemListElement\":[{\"@type\":\"ListItem\",\"position\":1,\"name\":\"Home\",\"item\":\"https:\\\/\\\/aerolux.rs\\\/sr\\\/\"},{\"@type\":\"ListItem\",\"position\":2,\"name\":\"O nama\"}]},{\"@type\":\"WebSite\",\"@id\":\"https:\\\/\\\/aerolux.rs\\\/sr\\\/#website\",\"url\":\"https:\\\/\\\/aerolux.rs\\\/sr\\\/\",\"name\":\"AeroLux Private Jets\",\"description\":\"\",\"publisher\":{\"@id\":\"https:\\\/\\\/aerolux.rs\\\/sr\\\/#organization\"},\"potentialAction\":[{\"@type\":\"SearchAction\",\"target\":{\"@type\":\"EntryPoint\",\"urlTemplate\":\"https:\\\/\\\/aerolux.rs\\\/sr\\\/?s={search_term_string}\"},\"query-input\":{\"@type\":\"PropertyValueSpecification\",\"valueRequired\":true,\"valueName\":\"search_term_string\"}}],\"inLanguage\":\"sr-RS\"},{\"@type\":\"Organization\",\"@id\":\"https:\\\/\\\/aerolux.rs\\\/sr\\\/#organization\",\"name\":\"AeroLux Private Jets\",\"url\":\"https:\\\/\\\/aerolux.rs\\\/sr\\\/\",\"logo\":{\"@type\":\"ImageObject\",\"inLanguage\":\"sr-RS\",\"@id\":\"https:\\\/\\\/aerolux.rs\\\/sr\\\/#\\\/schema\\\/logo\\\/image\\\/\",\"url\":\"https:\\\/\\\/aerolux.rs\\\/wp-content\\\/uploads\\\/2026\\\/01\\\/cropped-favicon-aerolux.png\",\"contentUrl\":\"https:\\\/\\\/aerolux.rs\\\/wp-content\\\/uploads\\\/2026\\\/01\\\/cropped-favicon-aerolux.png\",\"width\":512,\"height\":512,\"caption\":\"AeroLux Private Jets\"},\"image\":{\"@id\":\"https:\\\/\\\/aerolux.rs\\\/sr\\\/#\\\/schema\\\/logo\\\/image\\\/\"}}]}<\/script>\n<!-- \/ Yoast SEO plugin. -->","yoast_head_json":{"title":"AeroLux DOO | O nama","description":"AeroLux DOO \u2013 privatni avio-prevoznik koji se prilago\u0111ava isklju\u010divo vama. Iskusni piloti, moderna Cessna Citation flota i dostupnost cele godine.","robots":{"index":"index","follow":"follow","max-snippet":"max-snippet:-1","max-image-preview":"max-image-preview:large","max-video-preview":"max-video-preview:-1"},"canonical":"https:\/\/aerolux.rs\/sr\/o-nama\/","og_locale":"sr_RS","og_type":"article","og_title":"AeroLux DOO | O nama","og_description":"AeroLux DOO \u2013 privatni avio-prevoznik koji se prilago\u0111ava isklju\u010divo vama. Iskusni piloti, moderna Cessna Citation flota i dostupnost cele godine.","og_url":"https:\/\/aerolux.rs\/sr\/o-nama\/","og_site_name":"AeroLux","article_modified_time":"2025-12-18T11:25:05+00:00","og_image":[{"width":1920,"height":600,"url":"https:\/\/aerolux.rs\/wp-content\/uploads\/2025\/12\/aerolux-hero-private-jets.jpg","type":"image\/jpeg"}],"twitter_card":"summary_large_image","twitter_misc":{"Procenjeno vreme \u010ditanja":"1 minut"},"schema":{"@context":"https:\/\/schema.org","@graph":[{"@type":"WebPage","@id":"https:\/\/aerolux.rs\/sr\/o-nama\/","url":"https:\/\/aerolux.rs\/sr\/o-nama\/","name":"AeroLux DOO | O nama","isPartOf":{"@id":"https:\/\/aerolux.rs\/sr\/#website"},"primaryImageOfPage":{"@id":"https:\/\/aerolux.rs\/sr\/o-nama\/#primaryimage"},"image":{"@id":"https:\/\/aerolux.rs\/sr\/o-nama\/#primaryimage"},"thumbnailUrl":"https:\/\/aerolux.rs\/wp-content\/uploads\/2025\/12\/aerolux-hero-private-jets.jpg","datePublished":"2025-11-13T21:50:32+00:00","dateModified":"2025-12-18T11:25:05+00:00","description":"AeroLux DOO \u2013 privatni avio-prevoznik koji se prilago\u0111ava isklju\u010divo vama. Iskusni piloti, moderna Cessna Citation flota i dostupnost cele godine.","breadcrumb":{"@id":"https:\/\/aerolux.rs\/sr\/o-nama\/#breadcrumb"},"inLanguage":"sr-RS","potentialAction":[{"@type":"ReadAction","target":["https:\/\/aerolux.rs\/sr\/o-nama\/"]}]},{"@type":"ImageObject","inLanguage":"sr-RS","@id":"https:\/\/aerolux.rs\/sr\/o-nama\/#primaryimage","url":"https:\/\/aerolux.rs\/wp-content\/uploads\/2025\/12\/aerolux-hero-private-jets.jpg","contentUrl":"https:\/\/aerolux.rs\/wp-content\/uploads\/2025\/12\/aerolux-hero-private-jets.jpg","width":1920,"height":600},{"@type":"BreadcrumbList","@id":"https:\/\/aerolux.rs\/sr\/o-nama\/#breadcrumb","itemListElement":[{"@type":"ListItem","position":1,"name":"Home","item":"https:\/\/aerolux.rs\/sr\/"},{"@type":"ListItem","position":2,"name":"O nama"}]},{"@type":"WebSite","@id":"https:\/\/aerolux.rs\/sr\/#website","url":"https:\/\/aerolux.rs\/sr\/","name":"AeroLux Private Jets","description":"","publisher":{"@id":"https:\/\/aerolux.rs\/sr\/#organization"},"potentialAction":[{"@type":"SearchAction","target":{"@type":"EntryPoint","urlTemplate":"https:\/\/aerolux.rs\/sr\/?s={search_term_string}"},"query-input":{"@type":"PropertyValueSpecification","valueRequired":true,"valueName":"search_term_string"}}],"inLanguage":"sr-RS"},{"@type":"Organization","@id":"https:\/\/aerolux.rs\/sr\/#organization","name":"AeroLux Private Jets","url":"https:\/\/aerolux.rs\/sr\/","logo":{"@type":"ImageObject","inLanguage":"sr-RS","@id":"https:\/\/aerolux.rs\/sr\/#\/schema\/logo\/image\/","url":"https:\/\/aerolux.rs\/wp-content\/uploads\/2026\/01\/cropped-favicon-aerolux.png","contentUrl":"https:\/\/aerolux.rs\/wp-content\/uploads\/2026\/01\/cropped-favicon-aerolux.png","width":512,"height":512,"caption":"AeroLux Private Jets"},"image":{"@id":"https:\/\/aerolux.rs\/sr\/#\/schema\/logo\/image\/"}}]}},"_links":{"self":[{"href":"https:\/\/aerolux.rs\/sr\/wp-json\/wp\/v2\/pages\/243","targetHints":{"allow":["GET"]}}],"collection":[{"href":"https:\/\/aerolux.rs\/sr\/wp-json\/wp\/v2\/pages"}],"about":[{"href":"https:\/\/aerolux.rs\/sr\/wp-json\/wp\/v2\/types\/page"}],"author":[{"embeddable":true,"href":"https:\/\/aerolux.rs\/sr\/wp-json\/wp\/v2\/users\/1"}],"replies":[{"embeddable":true,"href":"https:\/\/aerolux.rs\/sr\/wp-json\/wp\/v2\/comments?post=243"}],"version-history":[{"count":2,"href":"https:\/\/aerolux.rs\/sr\/wp-json\/wp\/v2\/pages\/243\/revisions"}],"predecessor-version":[{"id":471,"href":"https:\/\/aerolux.rs\/sr\/wp-json\/wp\/v2\/pages\/243\/revisions\/471"}],"wp:featuredmedia":[{"embeddable":true,"href":"https:\/\/aerolux.rs\/sr\/wp-json\/wp\/v2\/media\/408"}],"wp:attachment":[{"href":"https:\/\/aerolux.rs\/sr\/wp-json\/wp\/v2\/media?parent=243"}],"curies":[{"name":"wp","href":"https:\/\/api.w.org\/{rel}","templated":true}]}}